{"id":93,"date":"2025-02-22T15:49:14","date_gmt":"2025-02-22T15:49:14","guid":{"rendered":"https:\/\/magiadiety.pl\/?page_id=93"},"modified":"2025-02-23T07:29:24","modified_gmt":"2025-02-23T07:29:24","slug":"konsultacje-online","status":"publish","type":"page","link":"https:\/\/magiadiety.pl\/en_gb\/konsultacje-online\/","title":{"rendered":"Konsultacje online\u00a0"},"content":{"rendered":"<div data-elementor-type=\"wp-page\" data-elementor-id=\"93\" class=\"elementor elementor-93\" data-elementor-post-type=\"page\">\n\t\t\t\t\t\t<section class=\"elementor-section elementor-top-section elementor-element elementor-element-3789045e elementor-section-boxed elementor-section-height-default elementor-section-height-default\" data-id=\"3789045e\" data-element_type=\"section\" data-e-type=\"section\" data-settings=\"{&quot;background_background&quot;:&quot;classic&quot;}\">\n\t\t\t\t\t\t<div class=\"elementor-container elementor-column-gap-default\">\n\t\t\t\t\t<div class=\"elementor-column elementor-col-100 elementor-top-column elementor-element elementor-element-2fee435d\" data-id=\"2fee435d\" data-element_type=\"column\" data-e-type=\"column\">\n\t\t\t<div class=\"elementor-widget-wrap elementor-element-populated\">\n\t\t\t\t\t\t<section class=\"elementor-section elementor-inner-section elementor-element elementor-element-3c5b3668 elementor-section-boxed elementor-section-height-default elementor-section-height-default\" data-id=\"3c5b3668\" data-element_type=\"section\" data-e-type=\"section\">\n\t\t\t\t\t\t<div class=\"elementor-container elementor-column-gap-default\">\n\t\t\t\t\t<div class=\"elementor-column elementor-col-50 elementor-inner-column elementor-element elementor-element-bb3c4bf\" data-id=\"bb3c4bf\" data-element_type=\"column\" data-e-type=\"column\" data-settings=\"{&quot;background_background&quot;:&quot;classic&quot;}\">\n\t\t\t<div class=\"elementor-widget-wrap elementor-element-populated\">\n\t\t\t\t\t\t<div class=\"elementor-element elementor-element-50d7b9ce elementor-invisible elementor-widget elementor-widget-heading\" data-id=\"50d7b9ce\" data-element_type=\"widget\" data-e-type=\"widget\" data-settings=\"{&quot;_animation&quot;:&quot;fadeInLeft&quot;,&quot;_animation_delay&quot;:360}\" data-widget_type=\"heading.default\">\n\t\t\t\t<div class=\"elementor-widget-container\">\n\t\t\t\t\t<h2 class=\"elementor-heading-title elementor-size-default\">Konsultacje online\u00a0<\/h2>\t\t\t\t<\/div>\n\t\t\t\t<\/div>\n\t\t\t\t<div class=\"elementor-element elementor-element-3b9d0bf0 animated-slow elementor-invisible elementor-widget elementor-widget-text-editor\" data-id=\"3b9d0bf0\" data-element_type=\"widget\" data-e-type=\"widget\" data-settings=\"{&quot;_animation&quot;:&quot;fadeIn&quot;,&quot;_animation_delay&quot;:360}\" data-widget_type=\"text-editor.default\">\n\t\t\t\t<div class=\"elementor-widget-container\">\n\t\t\t\t\t\t\t\t\t<p>Nie masz czasu na wizyty stacjonarne? A mo\u017ce mieszkasz zbyt daleko, by dotrze\u0107 do poradni? Dzi\u0119ki diecie online mo\u017cesz skorzysta\u0107 z profesjonalnego wsparcia dietetycznego w wygodny i komfortowy spos\u00f3b. Oferujemy tak\u0105 sam\u0105 jako\u015b\u0107 us\u0142ug, jak podczas spotka\u0144 bezpo\u015brednich. Wystarczy wype\u0142ni\u0107 formularz, a my przygotujemy dla Ciebie spersonalizowany jad\u0142ospis w ci\u0105gu 7-10 dni roboczych. Zacznij swoj\u0105 drog\u0119 do lepszego zdrowia ju\u017c dzi\u015b!<\/p>\t\t\t\t\t\t\t\t<\/div>\n\t\t\t\t<\/div>\n\t\t\t\t<div class=\"elementor-element elementor-element-1ec9e7d8 elementor-invisible elementor-widget elementor-widget-button\" data-id=\"1ec9e7d8\" data-element_type=\"widget\" data-e-type=\"widget\" data-settings=\"{&quot;_animation&quot;:&quot;slideInUp&quot;,&quot;_animation_delay&quot;:720}\" data-widget_type=\"button.default\">\n\t\t\t\t<div class=\"elementor-widget-container\">\n\t\t\t\t\t\t\t\t\t<div class=\"elementor-button-wrapper\">\n\t\t\t\t\t<a class=\"elementor-button elementor-button-link elementor-size-sm\" href=\"https:\/\/magiadiety.pl\/en_gb\/dieta-przez-internet\/\">\n\t\t\t\t\t\t<span class=\"elementor-button-content-wrapper\">\n\t\t\t\t\t\t\t\t\t<span class=\"elementor-button-text\">Wype\u0142nij formularz<\/span>\n\t\t\t\t\t<\/span>\n\t\t\t\t\t<\/a>\n\t\t\t\t<\/div>\n\t\t\t\t\t\t\t\t<\/div>\n\t\t\t\t<\/div>\n\t\t\t\t\t<\/div>\n\t\t<\/div>\n\t\t\t\t<div class=\"elementor-column elementor-col-50 elementor-inner-column elementor-element elementor-element-163b12b1 elementor-hidden-mobile elementor-invisible\" data-id=\"163b12b1\" data-element_type=\"column\" data-e-type=\"column\" data-settings=\"{&quot;animation&quot;:&quot;slideInUp&quot;}\">\n\t\t\t<div class=\"elementor-widget-wrap\">\n\t\t\t\t\t\t\t<\/div>\n\t\t<\/div>\n\t\t\t\t\t<\/div>\n\t\t<\/section>\n\t\t\t\t\t<\/div>\n\t\t<\/div>\n\t\t\t\t\t<\/div>\n\t\t<\/section>\n\t\t\t\t<section class=\"elementor-section elementor-top-section elementor-element elementor-element-60405083 elementor-reverse-tablet elementor-reverse-mobile elementor-section-boxed elementor-section-height-default elementor-section-height-default\" data-id=\"60405083\" data-element_type=\"section\" data-e-type=\"section\">\n\t\t\t\t\t\t<div class=\"elementor-container elementor-column-gap-default\">\n\t\t\t\t\t<div class=\"elementor-column elementor-col-100 elementor-top-column elementor-element elementor-element-72c1379b\" data-id=\"72c1379b\" data-element_type=\"column\" data-e-type=\"column\">\n\t\t\t<div class=\"elementor-widget-wrap elementor-element-populated\">\n\t\t\t\t\t\t<div class=\"elementor-element elementor-element-502130fa elementor-invisible elementor-widget elementor-widget-heading\" data-id=\"502130fa\" data-element_type=\"widget\" data-e-type=\"widget\" data-settings=\"{&quot;_animation&quot;:&quot;fadeInRight&quot;}\" data-widget_type=\"heading.default\">\n\t\t\t\t<div class=\"elementor-widget-container\">\n\t\t\t\t\t<h2 class=\"elementor-heading-title elementor-size-default\">Dieta online \u2013 profesjonalne wsparcie na odleg\u0142o\u015b\u0107!<\/h2>\t\t\t\t<\/div>\n\t\t\t\t<\/div>\n\t\t\t\t<section class=\"elementor-section elementor-inner-section elementor-element elementor-element-ca74b3c elementor-section-boxed elementor-section-height-default elementor-section-height-default\" data-id=\"ca74b3c\" data-element_type=\"section\" data-e-type=\"section\">\n\t\t\t\t\t\t<div class=\"elementor-container elementor-column-gap-default\">\n\t\t\t\t\t<div class=\"elementor-column elementor-col-50 elementor-inner-column elementor-element elementor-element-500d510c elementor-invisible\" data-id=\"500d510c\" data-element_type=\"column\" data-e-type=\"column\" data-settings=\"{&quot;animation&quot;:&quot;fadeInLeft&quot;}\">\n\t\t\t<div class=\"elementor-widget-wrap elementor-element-populated\">\n\t\t\t\t\t\t<div class=\"elementor-element elementor-element-1747aa1e elementor-widget elementor-widget-image\" data-id=\"1747aa1e\" data-element_type=\"widget\" data-e-type=\"widget\" data-widget_type=\"image.default\">\n\t\t\t\t<div class=\"elementor-widget-container\">\n\t\t\t\t\t\t\t\t\t\t\t\t\t\t\t<img fetchpriority=\"high\" decoding=\"async\" width=\"1500\" height=\"1000\" src=\"https:\/\/magiadiety.pl\/wp-content\/uploads\/2025\/02\/2148193255.jpg\" class=\"attachment-full size-full wp-image-158\" alt=\"\" srcset=\"https:\/\/magiadiety.pl\/wp-content\/uploads\/2025\/02\/2148193255.jpg 1500w, https:\/\/magiadiety.pl\/wp-content\/uploads\/2025\/02\/2148193255-300x200.jpg 300w, https:\/\/magiadiety.pl\/wp-content\/uploads\/2025\/02\/2148193255-1024x683.jpg 1024w, https:\/\/magiadiety.pl\/wp-content\/uploads\/2025\/02\/2148193255-768x512.jpg 768w\" sizes=\"(max-width: 1500px) 100vw, 1500px\" \/>\t\t\t\t\t\t\t\t\t\t\t\t\t\t\t<\/div>\n\t\t\t\t<\/div>\n\t\t\t\t\t<\/div>\n\t\t<\/div>\n\t\t\t\t<div class=\"elementor-column elementor-col-50 elementor-inner-column elementor-element elementor-element-7c12eb37 elementor-invisible\" data-id=\"7c12eb37\" data-element_type=\"column\" data-e-type=\"column\" data-settings=\"{&quot;animation&quot;:&quot;fadeInRight&quot;}\">\n\t\t\t<div class=\"elementor-widget-wrap elementor-element-populated\">\n\t\t\t\t\t\t<div class=\"elementor-element elementor-element-71c94bf animated-slow elementor-invisible elementor-widget elementor-widget-text-editor\" data-id=\"71c94bf\" data-element_type=\"widget\" data-e-type=\"widget\" data-settings=\"{&quot;_animation&quot;:&quot;fadeIn&quot;,&quot;_animation_delay&quot;:360}\" data-widget_type=\"text-editor.default\">\n\t\t\t\t<div class=\"elementor-widget-container\">\n\t\t\t\t\t\t\t\t\t<p><span data-contrast=\"none\">Przeznaczona jest dla os\u00f3b, kt\u00f3re nie mog\u0105 skorzysta\u0107 z wizyty stacjonarnej. Zapewniam, \u017ce jako\u015b\u0107 us\u0142ugi jest taka sama, jak w przypadku kontaktu bezpo\u015bredniego.\u00a0\u00a0<\/span><span data-ccp-props=\"{&quot;335551550&quot;:6,&quot;335551620&quot;:6}\">\u00a0<\/span><\/p><p><span data-contrast=\"none\">W celu ustalenia daty i godziny rozmowy prosz\u0119 o kontakt telefoniczny \ud83d\udcde604 951 977 lub mailowy <\/span><a href=\"mailto:.%F0%9F%93%A7poradnia@magiadiety.pl\"><span data-contrast=\"none\">\ud83d\udce7poradnia@magiadiety.pl<\/span><\/a><span data-contrast=\"none\">\u00a0<\/span><span data-ccp-props=\"{&quot;335551550&quot;:6,&quot;335551620&quot;:6}\">\u00a0<\/span><\/p><p><span data-contrast=\"none\">Je\u015bli w ramach us\u0142ugi konsultacji online ma zosta\u0107 przygotowany jad\u0142ospis niezb\u0119dne jest dok\u0142adne wype\u0142nienie formularza (<\/span><span data-contrast=\"none\">odno\u015bnik do zak\u0142adki dieta przez internet<\/span><span data-contrast=\"none\">).\u00a0 Zalecenia, wraz z jad\u0142ospisem, zostan\u0105 przes\u0142ane w ci\u0105gu 7-10 dni roboczych od otrzymania potwierdzenia<\/span><span data-ccp-props=\"{&quot;335551550&quot;:6,&quot;335551620&quot;:6}\">\u00a0<\/span><\/p>\t\t\t\t\t\t\t\t<\/div>\n\t\t\t\t<\/div>\n\t\t\t\t<div class=\"elementor-element elementor-element-094b401 elementor-invisible elementor-widget elementor-widget-button\" data-id=\"094b401\" data-element_type=\"widget\" data-e-type=\"widget\" data-settings=\"{&quot;_animation&quot;:&quot;slideInUp&quot;,&quot;_animation_delay&quot;:720}\" data-widget_type=\"button.default\">\n\t\t\t\t<div class=\"elementor-widget-container\">\n\t\t\t\t\t\t\t\t\t<div class=\"elementor-button-wrapper\">\n\t\t\t\t\t<a class=\"elementor-button elementor-button-link elementor-size-sm\" href=\"https:\/\/magiadiety.pl\/en_gb\/dieta-przez-internet\/\">\n\t\t\t\t\t\t<span class=\"elementor-button-content-wrapper\">\n\t\t\t\t\t\t\t\t\t<span class=\"elementor-button-text\">Wype\u0142nij formularz<\/span>\n\t\t\t\t\t<\/span>\n\t\t\t\t\t<\/a>\n\t\t\t\t<\/div>\n\t\t\t\t\t\t\t\t<\/div>\n\t\t\t\t<\/div>\n\t\t\t\t\t<\/div>\n\t\t<\/div>\n\t\t\t\t\t<\/div>\n\t\t<\/section>\n\t\t\t\t\t<\/div>\n\t\t<\/div>\n\t\t\t\t\t<\/div>\n\t\t<\/section>\n\t\t\t\t<\/div>","protected":false},"excerpt":{"rendered":"<p>Nie masz czasu na wizyty stacjonarne? A mo\u017ce mieszkasz zbyt daleko, by dotrze\u0107 do poradni? Dzi\u0119ki diecie online mo\u017cesz skorzysta\u0107 z profesjonalnego wsparcia dietetycznego w wygodny i komfortowy spos\u00f3b. Oferujemy tak\u0105 sam\u0105 jako\u015b\u0107 us\u0142ug, jak podczas spotka\u0144 bezpo\u015brednich. Wystarczy wype\u0142ni\u0107 formularz, a my przygotujemy dla Ciebie spersonalizowany jad\u0142ospis w ci\u0105gu 7-10 dni roboczych. Zacznij swoj\u0105 [&hellip;]<\/p>\n","protected":false},"author":1,"featured_media":0,"parent":0,"menu_order":0,"comment_status":"closed","ping_status":"closed","template":"","meta":{"footnotes":""},"class_list":["post-93","page","type-page","status-publish","hentry"],"_links":{"self":[{"href":"https:\/\/magiadiety.pl\/en_gb\/wp-json\/wp\/v2\/pages\/93","targetHints":{"allow":["GET"]}}],"collection":[{"href":"https:\/\/magiadiety.pl\/en_gb\/wp-json\/wp\/v2\/pages"}],"about":[{"href":"https:\/\/magiadiety.pl\/en_gb\/wp-json\/wp\/v2\/types\/page"}],"author":[{"embeddable":true,"href":"https:\/\/magiadiety.pl\/en_gb\/wp-json\/wp\/v2\/users\/1"}],"replies":[{"embeddable":true,"href":"https:\/\/magiadiety.pl\/en_gb\/wp-json\/wp\/v2\/comments?post=93"}],"version-history":[{"count":7,"href":"https:\/\/magiadiety.pl\/en_gb\/wp-json\/wp\/v2\/pages\/93\/revisions"}],"predecessor-version":[{"id":310,"href":"https:\/\/magiadiety.pl\/en_gb\/wp-json\/wp\/v2\/pages\/93\/revisions\/310"}],"wp:attachment":[{"href":"https:\/\/magiadiety.pl\/en_gb\/wp-json\/wp\/v2\/media?parent=93"}],"curies":[{"name":"wp","href":"https:\/\/api.w.org\/{rel}","templated":true}]}}